{"id":1800,"date":"2021-04-15T11:00:20","date_gmt":"2021-04-15T09:00:20","guid":{"rendered":"https:\/\/aurora-experience.com\/?page_id=1800"},"modified":"2022-04-08T15:32:40","modified_gmt":"2022-04-08T13:32:40","slug":"projekti","status":"publish","type":"page","link":"https:\/\/aurora-experience.com\/?page_id=1800","title":{"rendered":"Projekt"},"content":{"rendered":"\t\t<div data-elementor-type=\"wp-page\" data-elementor-id=\"1800\" class=\"elementor elementor-1800\" data-elementor-settings=\"[]\">\n\t\t\t\t\t\t<div class=\"elementor-inner\">\n\t\t\t\t\t\t\t<div class=\"elementor-section-wrap\">\n\t\t\t\t\t\t\t<section class=\"elementor-section elementor-top-section elementor-element elementor-element-30739d5f elementor-section-stretched elementor-section-boxed elementor-section-height-default elementor-section-height-default\" data-id=\"30739d5f\" data-element_type=\"section\" data-settings=\"{&quot;stretch_section&quot;:&quot;section-stretched&quot;,&quot;background_background&quot;:&quot;classic&quot;}\">\n\t\t\t\t\t\t<div class=\"elementor-container elementor-column-gap-extended\">\n\t\t\t\t\t\t\t<div class=\"elementor-row\">\n\t\t\t\t\t<div class=\"elementor-column elementor-col-100 elementor-top-column elementor-element elementor-element-5075c199 sc_inner_width_none sc_layouts_column_icons_position_left\" data-id=\"5075c199\" data-element_type=\"column\">\n\t\t\t<div class=\"elementor-column-wrap elementor-element-populated\">\n\t\t\t\t\t\t\t<div class=\"elementor-widget-wrap\">\n\t\t\t\t\t\t<div class=\"elementor-element elementor-element-5cc14882 sc_fly_static elementor-widget elementor-widget-trx_sc_title\" data-id=\"5cc14882\" data-element_type=\"widget\" data-widget_type=\"trx_sc_title.default\">\n\t\t\t\t<div class=\"elementor-widget-container\">\n\t\t\t<div id=\"trx_sc_title_298055080\"\n\t\tclass=\"sc_title sc_title_decoration\"><h2 class=\"sc_item_title sc_title_title sc_align_center sc_item_title_style_decoration sc_item_title_tag\"><span class=\"sc_item_title_text\">O projektu<\/span><\/h2><\/div><!-- \/.sc_title -->\t\t<\/div>\n\t\t\t\t<\/div>\n\t\t\t\t<div class=\"elementor-element elementor-element-7cbf715 sc_fly_static elementor-widget elementor-widget-spacer\" data-id=\"7cbf715\" data-element_type=\"widget\" data-widget_type=\"spacer.default\">\n\t\t\t\t<div class=\"elementor-widget-container\">\n\t\t\t\t\t<div class=\"elementor-spacer\">\n\t\t\t<div class=\"elementor-spacer-inner\"><\/div>\n\t\t<\/div>\n\t\t\t\t<\/div>\n\t\t\t\t<\/div>\n\t\t\t\t<div class=\"elementor-element elementor-element-4e4142d sc_fly_static elementor-widget elementor-widget-text-editor\" data-id=\"4e4142d\" data-element_type=\"widget\" data-widget_type=\"text-editor.default\">\n\t\t\t\t<div class=\"elementor-widget-container\">\n\t\t\t\t\t\t\t\t<div class=\"elementor-text-editor elementor-clearfix\">\n\t\t\t\t<table style=\"width:100%;\">\n<thead>\n<tr>\n<th>Naziv projekta:<\/th>\n<th>Unaprje\u0111enje socijalno-poduzetni\u010dkog poduhvata \u201c\u017ditna la\u0111a\u201d &#8211; Karlovac<\/th>\n<\/tr>\n<\/thead>\n<tbody>\n<tr>\n<td>Donator:<\/td>\n<td>Europski socijalni fond \/ Ministarstvo rada, mirovinskog sustava, obitelj i socijalne politike<\/td>\n<\/tr>\n<tr>\n<td>Program:<\/td>\n<td>U\u010dinkoviti ljudski potencijali (2014-2020)<\/td>\n<\/tr>\n<tr>\n<td>Razdoblje provedbe pro.:<\/td>\n<td>01.10.2020 do najkasnije 31. prosinca 2023. godine<\/td>\n<\/tr>\n<tr>\n<td>Vrijednost projekta:<\/td>\n<td>1.152.949,73 kn<\/td>\n<\/tr>\n<tr>\n<td>Nositelj projekta:<\/td>\n<td>Aurora Colapis<\/td>\n<\/tr>\n<tr>\n<td>Kontakt osoba:<\/td>\n<td>Jasmina Cvetkovi\u0107<\/td>\n<\/tr>\n<tr>\n<td>Partneri na projektu:<\/td>\n<td>ZEF, LAG Vallis Colapis, Udruga Dobar Dan<\/td>\n<\/tr>\n<td>Kratak opis i cilj projekta:<\/td>\n<td>Doprinijeti razvoju dru\u0161tvenog poduzetni\u0161tva na podru\u010dju Karlova\u010dke, <br>Sisa\u010dko-Moslava\u010dke i Zagreba\u010dke \u017eupanije kroz transferiranje postoje\u0107eg <br>poduze\u0107a u dru\u0161tveno poduzetni\u0161tvo te ja\u010danje njegovih kapaciteta, <br>stru\u010dnih i poslovnih vje\u0161tina zaposlenika i informiranje dugotrajno nezaposlenih <br>(mladi, \u017eene, i 50+ starosti) uz umre\u017eavanje s postoje\u0107im dru\u0161tvenim poduze\u0107ima, <br>organizacijama za ruralni razvoj i udrugama za rad s mladima.<\/td>\n<\/tr>\n<th><\/th>\n<th><\/th>\n<\/tr>\n<\/thead>\n<\/tbody>\n<\/table>\n&nbsp;\t\t\t\t\t<\/div>\n\t\t\t\t\t\t<\/div>\n\t\t\t\t<\/div>\n\t\t\t\t\t\t<\/div>\n\t\t\t\t\t<\/div>\n\t\t<\/div>\n\t\t\t\t\t\t\t\t<\/div>\n\t\t\t\t\t<\/div>\n\t\t<\/section>\n\t\t\t\t\t\t<\/div>\n\t\t\t\t\t\t<\/div>\n\t\t\t\t\t<\/div>\n\t\t","protected":false},"excerpt":{"rendered":"<p>O projektu Naziv projekta: Unaprje\u0111enje socijalno-poduzetni\u010dkog poduhvata \u201c\u017ditna la\u0111a\u201d &#8211; Karlovac Donator:&hellip;<\/p>\n","protected":false},"author":1,"featured_media":0,"parent":0,"menu_order":0,"comment_status":"closed","ping_status":"closed","template":"","meta":{"footnotes":""},"_links":{"self":[{"href":"https:\/\/aurora-experience.com\/index.php?rest_route=\/wp\/v2\/pages\/1800"}],"collection":[{"href":"https:\/\/aurora-experience.com\/index.php?rest_route=\/wp\/v2\/pages"}],"about":[{"href":"https:\/\/aurora-experience.com\/index.php?rest_route=\/wp\/v2\/types\/page"}],"author":[{"embeddable":true,"href":"https:\/\/aurora-experience.com\/index.php?rest_route=\/wp\/v2\/users\/1"}],"replies":[{"embeddable":true,"href":"https:\/\/aurora-experience.com\/index.php?rest_route=%2Fwp%2Fv2%2Fcomments&post=1800"}],"version-history":[{"count":23,"href":"https:\/\/aurora-experience.com\/index.php?rest_route=\/wp\/v2\/pages\/1800\/revisions"}],"predecessor-version":[{"id":1827,"href":"https:\/\/aurora-experience.com\/index.php?rest_route=\/wp\/v2\/pages\/1800\/revisions\/1827"}],"wp:attachment":[{"href":"https:\/\/aurora-experience.com\/index.php?rest_route=%2Fwp%2Fv2%2Fmedia&parent=1800"}],"curies":[{"name":"wp","href":"https:\/\/api.w.org\/{rel}","templated":true}]}}