{"id":3,"date":"2021-02-06T08:00:57","date_gmt":"2021-02-06T07:00:57","guid":{"rendered":"https:\/\/aurora-experience.com\/?page_id=3"},"modified":"2025-02-27T17:49:04","modified_gmt":"2025-02-27T16:49:04","slug":"zastita-privatnosti","status":"publish","type":"page","link":"https:\/\/aurora-experience.com\/?page_id=3","title":{"rendered":"Za\u0161tita privatnosti"},"content":{"rendered":"\t\t<div data-elementor-type=\"wp-page\" data-elementor-id=\"3\" class=\"elementor elementor-3\" data-elementor-settings=\"[]\">\n\t\t\t\t\t\t<div class=\"elementor-inner\">\n\t\t\t\t\t\t\t<div class=\"elementor-section-wrap\">\n\t\t\t\t\t\t\t<section class=\"elementor-section elementor-top-section elementor-element elementor-element-9f5c805 elementor-section-boxed elementor-section-height-default elementor-section-height-default\" data-id=\"9f5c805\" data-element_type=\"section\">\n\t\t\t\t\t\t<div class=\"elementor-container elementor-column-gap-extended\">\n\t\t\t\t\t\t\t<div class=\"elementor-row\">\n\t\t\t\t\t<div class=\"elementor-column elementor-col-100 elementor-top-column elementor-element elementor-element-c3930f5 sc_inner_width_none sc_layouts_column_icons_position_left\" data-id=\"c3930f5\" data-element_type=\"column\">\n\t\t\t<div class=\"elementor-column-wrap elementor-element-populated\">\n\t\t\t\t\t\t\t<div class=\"elementor-widget-wrap\">\n\t\t\t\t\t\t<div class=\"elementor-element elementor-element-b34cb1d sc_fly_static elementor-widget elementor-widget-trx_sc_title\" data-id=\"b34cb1d\" data-element_type=\"widget\" data-widget_type=\"trx_sc_title.default\">\n\t\t\t\t<div class=\"elementor-widget-container\">\n\t\t\t<div id=\"trx_sc_title_69267605\"\n\t\tclass=\"sc_title sc_title_decoration\"><h1 class=\"sc_item_title sc_title_title sc_align_center sc_item_title_style_decoration sc_item_title_tag\"><span class=\"sc_item_title_text\">Tko smo mi<\/span><\/h1><\/div><!-- \/.sc_title -->\t\t<\/div>\n\t\t\t\t<\/div>\n\t\t\t\t\t\t<\/div>\n\t\t\t\t\t<\/div>\n\t\t<\/div>\n\t\t\t\t\t\t\t\t<\/div>\n\t\t\t\t\t<\/div>\n\t\t<\/section>\n\t\t\t\t<section class=\"elementor-section elementor-top-section elementor-element elementor-element-4e06fc26 elementor-section-boxed elementor-section-height-default elementor-section-height-default\" data-id=\"4e06fc26\" data-element_type=\"section\">\n\t\t\t\t\t\t<div class=\"elementor-container elementor-column-gap-extended\">\n\t\t\t\t\t\t\t<div class=\"elementor-row\">\n\t\t\t\t\t<div class=\"elementor-column elementor-col-100 elementor-top-column elementor-element elementor-element-5de00376 sc_inner_width_none sc_layouts_column_icons_position_left\" data-id=\"5de00376\" data-element_type=\"column\">\n\t\t\t<div class=\"elementor-column-wrap elementor-element-populated\">\n\t\t\t\t\t\t\t<div class=\"elementor-widget-wrap\">\n\t\t\t\t\t\t<div class=\"elementor-element elementor-element-5cb7213 sc_fly_static elementor-widget elementor-widget-text-editor\" data-id=\"5cb7213\" data-element_type=\"widget\" data-widget_type=\"text-editor.default\">\n\t\t\t\t<div class=\"elementor-widget-container\">\n\t\t\t\t\t\t\t\t<div class=\"elementor-text-editor elementor-clearfix\">\n\t\t\t\t<p><span style=\"font-size: 18px; letter-spacing: 0.38px;\">Na\u0161a web adresa https:\/\/aurora-experience.com je slu\u017ebena web stranica poduze\u0107a Aurora River Experience d.o.o..<\/span><\/p>\n<p>Osnovni podaci o poduze\u0107u:<\/p>\n<p>Aurora River Experience d.o.o.<br \/>za prijevoz putnika unutarnjim plovnim putovima<br \/>MB: 05952638, OIB: 79054779778<span style=\"font-size: 18px; letter-spacing: 0.38px;\">\u00a0<\/span><\/p>\n<p><span style=\"font-size: 18px; letter-spacing: 0.38px;\">Temeljni kapital: 2.600 EUR<\/span><\/p>\n<p>Zamr\u0161je 30\/B 47 000 KARLOVAC<br \/>\u010clanovi uprave \u2013 direktorica: Nikolina Belan\u010di\u0107 Arki<br \/>www.aurora-experience.com<br \/>GSM: + 385 98 171 64 23<br \/>e-mail: info@aurora-experience.com<br \/>OIB: 79054779778<br \/>KABA: HR5724000081110606157<\/p>\n<p><!-- \/wp:paragraph --><!-- wp:heading --><\/p>\n<h2>Koje osobne podatke prikupljamo<\/h2>\n<p><!-- \/wp:heading --><!-- wp:heading {\"level\":3} --><!-- \/wp:paragraph --><!-- wp:heading {\"level\":3} --><\/p>\n<h3>Kontakt forme<\/h3>\n<p>Prikupljamo osobne podatke u svrhu obrade upita &#8211; ime i prezime te adresu e-po\u0161te. Ti podaci koriste se isklju\u010divo u navedenu svrhu i ne prenose se tre\u0107im stranama.\u00a0<\/p>\n<p><!-- \/wp:heading --><!-- wp:heading {\"level\":3} --><\/p>\n<h3>Kola\u010di\u0107i<\/h3>\n<p><!-- \/wp:heading --><!-- wp:paragraph --><!-- \/wp:paragraph --><!-- wp:paragraph --><\/p>\n<p>Ako posjetite na\u0161u stranicu za prijavu, postavit \u0107emo privremeni kola\u010di\u0107 kako bismo utvrdili prihva\u0107a li va\u0161 preglednik kola\u010di\u0107e. Ovaj kola\u010di\u0107 ne sadr\u017ei osobne podatke i odbacuje se kada zatvorite preglednik.<\/p>\n<p>Kada se prijavite, tako\u0111er \u0107emo postaviti nekoliko kola\u010di\u0107a za spremanje va\u0161ih podataka za prijavu i izbora prikaza na zaslonu. Kola\u010di\u0107i za prijavu traju dva dana, a kola\u010di\u0107i s opcijama zaslona traju godinu dana. Ako odaberete &#8220;Zapamti me&#8221;, va\u0161a prijava trajat \u0107e dva tjedna. Ako se odjavite sa svog ra\u010duna, kola\u010di\u0107i za prijavu bit \u0107e uklonjeni.<\/p>\n<p><!-- \/wp:paragraph --><!-- wp:paragraph --><!-- \/wp:paragraph --><!-- wp:heading {\"level\":3} --><\/p>\n<h3>U\u010ditani sadr\u017eaj s drugih web stranica<\/h3>\n<p><!-- \/wp:heading --><!-- wp:paragraph --><\/p>\n<p>\u010clanci na ovom web mjestu mogu sadr\u017eavati ugra\u0111eni sadr\u017eaj (npr. Videozapise, slike, \u010dlanke itd.). Ugra\u0111eni sadr\u017eaj s drugih web mjesta pona\u0161a se na potpuno isti na\u010din kao da je posjetitelj posjetio drugo web mjesto.<\/p>\n<p>Te web stranice mogu prikupljati podatke o vama, koristiti kola\u010di\u0107e, ugra\u0111ivati dodatno pra\u0107enje tre\u0107e strane i nadzirati va\u0161u interakciju s tim ugra\u0111enim sadr\u017eajem, uklju\u010duju\u0107i pra\u0107enje va\u0161e interakcije s ugra\u0111enim sadr\u017eajem ako imate ra\u010dun i ako ste prijavljeni na to web mjesto.<\/p>\n<p><!-- \/wp:paragraph --><!-- wp:heading {\"level\":3} --><!-- \/wp:heading --><!-- wp:heading --><\/p>\n<h2>S kime dijelimo va\u0161e podatke<\/h2>\n<p><!-- \/wp:heading --><!-- wp:paragraph --><\/p>\n<p>Ako zatra\u017eite poni\u0161tavanje lozinke, va\u0161a \u0107e se IP adresa nalaziti u e-poruci za poni\u0161tavanje.<\/p>\n<p><!-- \/wp:paragraph --><!-- wp:heading --><\/p>\n<h2>Koliko dugo zadr\u017eavamo va\u0161e podatke<\/h2>\n<p><!-- \/wp:heading --><!-- wp:paragraph --><!-- \/wp:paragraph --><!-- wp:paragraph --><\/p>\n<p>Za korisnike koji se registriraju na na\u0161em web mjestu, tako\u0111er pohranjujemo osobne podatke koje daju u svom korisni\u010dkom profilu. Svi korisnici mogu u bilo kojem trenutku vidjeti, urediti ili izbrisati svoje osobne podatke (osim \u0161to ne mogu promijeniti korisni\u010dko ime). Administratori web stranica tako\u0111er mogu vidjeti i urediti te podatke.<\/p>\n<p>Va\u0161e podatke ne\u0107emo \u010duvati dulje nego li je nu\u017eno potrebno za ispunjavanje svrhe zbog koje su prikupljeni.<\/p>\n<ul>\n<li>podaci sadr\u017eani u ra\u010dunu te podaci o financijskim transakcijama &#8211; 11 godina (sukladno Zakonu o ra\u010dunovodstvu \u010dl. 10 (NN 120\/16)\u00a0<\/li>\n<li>registrirani korisnici web shopa \u2013 do opoziva od strane korisnika<\/li>\n<li>neregistrirani kupci \u2013 3 mjeseca<\/li>\n<\/ul>\n<p><!-- \/wp:paragraph --><!-- wp:heading --><\/p>\n<h2>Va\u0161a prava<\/h2>\n<p><!-- \/wp:heading --><!-- wp:paragraph --><\/p>\n<p>Ako na ovom mjestu imate ra\u010dun, mo\u017eete zatra\u017eiti primanje izvezene datoteke osobnih podataka koje posjedujemo o vama, uklju\u010duju\u0107i sve podatke koje ste nam dostavili. Tako\u0111er mo\u017eete zatra\u017eiti da izbri\u0161emo sve osobne podatke koje imamo o vama. To ne uklju\u010duje podatke koje smo obvezni \u010duvati u administrativne, pravne ili sigurnosne svrhe.<\/p>\n<p><!-- \/wp:paragraph --><!-- wp:heading --><!-- \/wp:paragraph --><!-- wp:heading --><!-- \/wp:heading --><!-- wp:heading --><!-- \/wp:heading --><!-- wp:heading {\"level\":3} --><\/p>\n<h3>Kako \u010duvamo va\u0161e podatke<\/h3>\n<p>Va\u0161i podaci pohranjeni su na serveru koji se nalazi u Hrvatskoj. Podaci se ne prenose tre\u0107im stranama. Web stranica aurora-experience.com koristi SSL enkripciju radi sprje\u010davanja neovla\u0161tenog pristupa prilikom njihovog prijenosa.<\/p>\n<h3>Za \u0161to se koriste va\u0161i podaci<\/h3>\n<ul>\n<li>za obra\u0111ivanje rezervacija i upita poslanih putem kontakt forme<\/li>\n<li>za slanje obavijesti o promjenama vezanima uz na\u0161e usluge<\/li>\n<li>za slanje promid\u017ebenih poruka e-po\u0161te, u slu\u010dajevima kada ste za to dali svoju izri\u010ditu privolu<\/li>\n<li>za sprje\u010davanje prijevare<\/li>\n<\/ul>\n<h2>Kako nas kontaktirati<\/h2>\n<p>U slu\u010daju pitanja vezanih za va\u0161u privatnost, mo\u017eete nam poslati poruku e-po\u0161tom na info@aurora-experience.com.<\/p>\n<p>\u00a0<\/p>\n<p><!-- \/wp:heading --><!-- wp:heading {\"level\":3} --><\/p>\n<h3>\u00a0<\/h3>\n<p><!-- \/wp:heading --><\/p>\t\t\t\t\t<\/div>\n\t\t\t\t\t\t<\/div>\n\t\t\t\t<\/div>\n\t\t\t\t\t\t<\/div>\n\t\t\t\t\t<\/div>\n\t\t<\/div>\n\t\t\t\t\t\t\t\t<\/div>\n\t\t\t\t\t<\/div>\n\t\t<\/section>\n\t\t\t\t\t\t<\/div>\n\t\t\t\t\t\t<\/div>\n\t\t\t\t\t<\/div>\n\t\t","protected":false},"excerpt":{"rendered":"<p>Tko smo mi Na\u0161a web adresa https:\/\/aurora-experience.com je slu\u017ebena web stranica poduze\u0107a&hellip;<\/p>\n","protected":false},"author":1,"featured_media":0,"parent":0,"menu_order":0,"comment_status":"closed","ping_status":"closed","template":"","meta":{"footnotes":""},"_links":{"self":[{"href":"https:\/\/aurora-experience.com\/index.php?rest_route=\/wp\/v2\/pages\/3"}],"collection":[{"href":"https:\/\/aurora-experience.com\/index.php?rest_route=\/wp\/v2\/pages"}],"about":[{"href":"https:\/\/aurora-experience.com\/index.php?rest_route=\/wp\/v2\/types\/page"}],"author":[{"embeddable":true,"href":"https:\/\/aurora-experience.com\/index.php?rest_route=\/wp\/v2\/users\/1"}],"replies":[{"embeddable":true,"href":"https:\/\/aurora-experience.com\/index.php?rest_route=%2Fwp%2Fv2%2Fcomments&post=3"}],"version-history":[{"count":39,"href":"https:\/\/aurora-experience.com\/index.php?rest_route=\/wp\/v2\/pages\/3\/revisions"}],"predecessor-version":[{"id":3736,"href":"https:\/\/aurora-experience.com\/index.php?rest_route=\/wp\/v2\/pages\/3\/revisions\/3736"}],"wp:attachment":[{"href":"https:\/\/aurora-experience.com\/index.php?rest_route=%2Fwp%2Fv2%2Fmedia&parent=3"}],"curies":[{"name":"wp","href":"https:\/\/api.w.org\/{rel}","templated":true}]}}