{"id":46,"date":"2019-02-04T12:14:10","date_gmt":"2019-02-04T11:14:10","guid":{"rendered":"https:\/\/aurora-experience.com\/returns-delivery\/"},"modified":"2022-04-08T15:32:55","modified_gmt":"2022-04-08T13:32:55","slug":"uvjeti-koristenja","status":"publish","type":"page","link":"https:\/\/aurora-experience.com\/?page_id=46","title":{"rendered":"Uvjeti kori\u0161tenja"},"content":{"rendered":"\t\t<div data-elementor-type=\"wp-post\" data-elementor-id=\"46\" class=\"elementor elementor-46\" data-elementor-settings=\"[]\">\n\t\t\t\t\t\t<div class=\"elementor-inner\">\n\t\t\t\t\t\t\t<div class=\"elementor-section-wrap\">\n\t\t\t\t\t\t\t<section class=\"elementor-section elementor-top-section elementor-element elementor-element-67d70c4 elementor-section-boxed elementor-section-height-default elementor-section-height-default\" data-id=\"67d70c4\" data-element_type=\"section\">\n\t\t\t\t\t\t<div class=\"elementor-container elementor-column-gap-extended\">\n\t\t\t\t\t\t\t<div class=\"elementor-row\">\n\t\t\t\t\t<div class=\"elementor-column elementor-col-100 elementor-top-column elementor-element elementor-element-068d6f0 sc_inner_width_none sc_layouts_column_icons_position_left\" data-id=\"068d6f0\" data-element_type=\"column\">\n\t\t\t<div class=\"elementor-column-wrap elementor-element-populated\">\n\t\t\t\t\t\t\t<div class=\"elementor-widget-wrap\">\n\t\t\t\t\t\t<div class=\"elementor-element elementor-element-a3b6f58 sc_fly_static elementor-widget elementor-widget-trx_sc_title\" data-id=\"a3b6f58\" data-element_type=\"widget\" data-widget_type=\"trx_sc_title.default\">\n\t\t\t\t<div class=\"elementor-widget-container\">\n\t\t\t<div id=\"trx_sc_title_1346096017\"\n\t\tclass=\"sc_title sc_title_decoration\"><h1 class=\"sc_item_title sc_title_title sc_align_center sc_item_title_style_decoration sc_item_title_tag\"><span class=\"sc_item_title_text\">Uvjeti kori\u0161tenja<\/span><\/h1><\/div><!-- \/.sc_title -->\t\t<\/div>\n\t\t\t\t<\/div>\n\t\t\t\t\t\t<\/div>\n\t\t\t\t\t<\/div>\n\t\t<\/div>\n\t\t\t\t\t\t\t\t<\/div>\n\t\t\t\t\t<\/div>\n\t\t<\/section>\n\t\t\t\t<section class=\"elementor-section elementor-top-section elementor-element elementor-element-f34f9b6 elementor-section-stretched elementor-section-boxed elementor-section-height-default elementor-section-height-default\" data-id=\"f34f9b6\" data-element_type=\"section\" data-settings=\"{&quot;stretch_section&quot;:&quot;section-stretched&quot;,&quot;background_background&quot;:&quot;classic&quot;}\">\n\t\t\t\t\t\t<div class=\"elementor-container elementor-column-gap-extended\">\n\t\t\t\t\t\t\t<div class=\"elementor-row\">\n\t\t\t\t\t<div class=\"elementor-column elementor-col-100 elementor-top-column elementor-element elementor-element-f787a25 sc_inner_width_none sc_layouts_column_icons_position_left\" data-id=\"f787a25\" data-element_type=\"column\">\n\t\t\t<div class=\"elementor-column-wrap elementor-element-populated\">\n\t\t\t\t\t\t\t<div class=\"elementor-widget-wrap\">\n\t\t\t\t\t\t<div class=\"elementor-element elementor-element-6ee4703 sc_fly_static elementor-widget elementor-widget-spacer\" data-id=\"6ee4703\" data-element_type=\"widget\" data-widget_type=\"spacer.default\">\n\t\t\t\t<div class=\"elementor-widget-container\">\n\t\t\t\t\t<div class=\"elementor-spacer\">\n\t\t\t<div class=\"elementor-spacer-inner\"><\/div>\n\t\t<\/div>\n\t\t\t\t<\/div>\n\t\t\t\t<\/div>\n\t\t\t\t<div class=\"elementor-element elementor-element-424cb42 elementor-tabs-view-horizontal sc_fly_static elementor-widget elementor-widget-tabs\" data-id=\"424cb42\" data-element_type=\"widget\" data-widget_type=\"tabs.default\">\n\t\t\t\t<div class=\"elementor-widget-container\">\n\t\t\t\t\t<div class=\"elementor-tabs\">\n\t\t\t<div class=\"elementor-tabs-wrapper\" role=\"tablist\" >\n\t\t\t\t\t\t\t\t\t<div id=\"elementor-tab-title-6951\" class=\"elementor-tab-title elementor-tab-desktop-title\" aria-selected=\"true\" data-tab=\"1\" role=\"tab\" tabindex=\"0\" aria-controls=\"elementor-tab-content-6951\" aria-expanded=\"false\"><a href=\"\">Sigurnost pla\u0107anja kreditnim karticama<\/a><\/div>\n\t\t\t\t\t\t\t\t\t<div id=\"elementor-tab-title-6952\" class=\"elementor-tab-title elementor-tab-desktop-title\" aria-selected=\"false\" data-tab=\"2\" role=\"tab\" tabindex=\"-1\" aria-controls=\"elementor-tab-content-6952\" aria-expanded=\"false\"><a href=\"\">Uvjeti rezervacije<\/a><\/div>\n\t\t\t\t\t\t\t\t\t<div id=\"elementor-tab-title-6953\" class=\"elementor-tab-title elementor-tab-desktop-title\" aria-selected=\"false\" data-tab=\"3\" role=\"tab\" tabindex=\"-1\" aria-controls=\"elementor-tab-content-6953\" aria-expanded=\"false\"><a href=\"\">Otkazivanje rezervacije<\/a><\/div>\n\t\t\t\t\t\t\t<\/div>\n\t\t\t<div class=\"elementor-tabs-content-wrapper\" role=\"tablist\" aria-orientation=\"vertical\">\n\t\t\t\t\t\t\t\t\t<div class=\"elementor-tab-title elementor-tab-mobile-title\" aria-selected=\"true\" data-tab=\"1\" role=\"tab\" tabindex=\"0\" aria-controls=\"elementor-tab-content-6951\" aria-expanded=\"false\">Sigurnost pla\u0107anja kreditnim karticama<\/div>\n\t\t\t\t\t<div id=\"elementor-tab-content-6951\" class=\"elementor-tab-content elementor-clearfix\" data-tab=\"1\" role=\"tabpanel\" aria-labelledby=\"elementor-tab-title-6951\" tabindex=\"0\" hidden=\"false\"><p>Tajnost Va\u0161ih podataka je za\u0161ti\u0107ena i osigurana uporabom SSL enkripcije. Stranice za naplatu putem interneta osigurane su kori\u0161tenjem Secure Socket Layer (SSL) protokola sa 128-bitnom enkripcijom podataka. SSL enkripcija je postupak \u0161ifriranja podataka radi sprje\u010davanja neovla\u0161tenog pristupa prilikom njihovog prijenosa.\u00a0Time je omogu\u0107en siguran prijenos informacija te onemogu\u0107en nedozvoljen pristup podacima prilikom komunikacije izme\u0111u korisnikovog ra\u010dunala i WebPay servisa, te obratno.\u00a0WebPay servis i financijske ustanove razmjenjuju podatke uporabom virtualne privatne mre\u017ee (VPN), koja je za\u0161ti\u0107ena od neautoriziranog pristupa.<br \/>Monri Payment Gateway je certificiran prema PCI DSS Level 1 sigurnosnom standardu propisanom Visa i Mastercard pravilima.<br \/>Trgovac ne pohranjuje brojeve kreditnih kartica i brojevi nisu dostupni neovla\u0161tenim osobama.<\/p><p><b>Jamstvo sigurne online kupnje<\/b><\/p><p>\u00a0<\/p><div style=\"display: inline;\"><a href=\"https:\/\/www.visa.co.uk\/pay-with-visa\/featured-technologies\/verified-by-visa.html\" target=\"popup\"><img loading=\"lazy\" decoding=\"async\" src=\"https:\/\/aurora-experience.com\/wp-content\/uploads\/2021\/03\/verified_by_visa.jpg\" width=\"111\" height=\"46\" border=\"0\" \/><\/a>\u00a0 \u00a0 \u00a0<a href=\"https:\/\/www.mastercard.us\/en-us\/consumers\/featuresbenefits\/securecode.html\" target=\"popup\"><img loading=\"lazy\" decoding=\"async\" src=\"https:\/\/aurora-experience.com\/wp-content\/uploads\/2021\/03\/mastercard_securecode.png\" width=\"111\" height=\"46\" border=\"0\" \/><\/a>.\u00a0 \u00a0 \u00a0<img decoding=\"async\" src=\"https:\/\/aurora-experience.com\/wp-content\/uploads\/2021\/03\/diners_sigurna-kupnja.png\" width=\"120\" height=\"\" border=\"0\" \/>.\u00a0 \u00a0 \u00a0\u00a0<a href=\"http:\/\/monri.com\/\" target=\"blank\"><img loading=\"lazy\" decoding=\"async\" src=\"https:\/\/aurora-experience.com\/wp-content\/uploads\/2021\/03\/monri_footer.png\" width=\"111\" height=\"46\" border=\"0\" \/><br \/><\/a><\/div><p>\u00a0<\/p><\/div>\n\t\t\t\t\t\t\t\t\t<div class=\"elementor-tab-title elementor-tab-mobile-title\" aria-selected=\"false\" data-tab=\"2\" role=\"tab\" tabindex=\"-1\" aria-controls=\"elementor-tab-content-6952\" aria-expanded=\"false\">Uvjeti rezervacije<\/div>\n\t\t\t\t\t<div id=\"elementor-tab-content-6952\" class=\"elementor-tab-content elementor-clearfix\" data-tab=\"2\" role=\"tabpanel\" aria-labelledby=\"elementor-tab-title-6952\" tabindex=\"0\" hidden=\"hidden\">Ovim se uvjetima utvr\u0111uje postupak rezervacije, pla\u0107anja, isporuke te reklamacija usluga koje su ponu\u0111ene na ovim stranicama. aurora-experience.com internet stranice mogu se koristiti za Va\u0161u privatnu upotrebu bez ikakvih naknada za kori\u0161tenje, a prema sljede\u0107im uvjetima i pravilima. Prodavatelj je Aurora Colapis d.o.o., a kupac je posjetitelj ovih stranica koji popuni elektronsku narud\u017ebu, po\u0161alje je prodavatelju te izvr\u0161i pla\u0107anje putem kreditnih kartica.\n\n<strong>REZERVACIJA<\/strong>\n\nKupac naru\u010duje usluge putem elektronskog obrasca narud\u017ebe.\u00a0Kupcem se smatra svaka osoba koja elektronski naru\u010di barem jednu uslugu ili proizvod, popuni tra\u017eene podatke i po\u0161alje narud\u017ebu.\u00a0Sve cijene izra\u017eene su u hrvatskoj nacionalnoj valutu, hrvatska kuna (kn) s PDV-om. Usluge i proizvodi\u00a0se naru\u010duje elektronskim putem, pritiskom na odre\u0111eni proizvod te spremanjem istog u ko\u0161aricu. Roba se smatra naru\u010denom u trenutku kada kupac odabere te potvrdi na\u010din pla\u0107anja.\n\n<b>PLA\u0106ANJE<\/b>\n\nNaru\u010dene usluge pla\u0107aju se online jednom od kreditnih kartica: Mastercard, Maestro ili Visa. Tako\u0111er je mogu\u0107e pla\u0107anje na licu mjesta, gotovinom, prije ukrcavanja na brod.\n\n<strong>OP\u0106ENITO<\/strong>\n\nAurora Colapis d.o.o. \u00a0zadr\u017eava pravo na izmjenu ovih uvjeta i pravila. Sve promjene primijenit \u0107e se na kori\u0161tenje aurora-experience.com stranica. Kupac snosi odgovornost za to\u010dnost i potpunost unesenih podataka prilikom kupovine.\u00a0Usluge koje Vam pru\u017ea Aurora Colapis d.o.o.\u00a0Internet prodavaonica ne uklju\u010duje tro\u0161kove koje snosite koriste\u0107i ra\u010dunalnu opremu i usluge za pristup na\u0161im stranicama. Aurora Colapis d.o.o.\u00a0nije odgovorna za tro\u0161kove telefona, Internet prometa ili bilo koje druge tro\u0161kove do kojih mo\u017ee do\u0107i.\u00a0Iako Vam Aurora Colapis d.o.o.\u00a0nastoji dati najbolju mogu\u0107u ponudu usluga, ne mo\u017ee garantirati da \u0107e usluge na aurora-experience.com odgovarati Va\u0161im potrebama.\n\nAurora Colapis d.o.o.\u00a0tako\u0111er ne mo\u017ee garantirati da \u0107e usluga biti bez pogre\u0161aka. Ukoliko do\u0111e do pogre\u0161ke, molimo Vas da je prijavite na e-mail info@aurora-experience.com kako bismo je otklonili na najbr\u017ei mogu\u0107i na\u010din.<\/div>\n\t\t\t\t\t\t\t\t\t<div class=\"elementor-tab-title elementor-tab-mobile-title\" aria-selected=\"false\" data-tab=\"3\" role=\"tab\" tabindex=\"-1\" aria-controls=\"elementor-tab-content-6953\" aria-expanded=\"false\">Otkazivanje rezervacije<\/div>\n\t\t\t\t\t<div id=\"elementor-tab-content-6953\" class=\"elementor-tab-content elementor-clearfix\" data-tab=\"3\" role=\"tabpanel\" aria-labelledby=\"elementor-tab-title-6953\" tabindex=\"0\" hidden=\"hidden\"><p><strong>PRAVILA O OTKAZIVANJU\/NEDOLASKU GOSTA<\/strong><\/p><p><strong>Pojedina\u010dni gosti :<\/strong><br \/>Jamstvo putem kreditne kartice: Gost je ovla\u0161ten promijeniti\/otkazati rezervaciju putem email-a najkasnije 48 sati prije termina upla\u0107ene plovidbe \u2013 Odobrava se 100% ukupnog upla\u0107enog iznosa. U slu\u010daju da je do otkazivanja do\u0161lo zbog dokazanog smrtnog slu\u010daja ili zdravstvenih razloga, povrat mo\u017ee biti odobren na temelju odluke Direktora<\/p><p><strong>Rezervacije \u2013 Grupe:<\/strong><br \/>Jamstvo putem kreditne kartice: Grupa je ovla\u0161tena promijeniti\/otkazati rezervaciju putem email-a najkasnije 72 sati prije termina upla\u0107ene plovidbe \u2013 Odobrava se 100% ukupnog upla\u0107enog iznosa. U slu\u010daju da je do otkazivanja do\u0161lo zbog dokazanog smrtnog slu\u010daja ili zdravstvenih razloga, povrat mo\u017ee biti odobren na temelju odluke Direktora<\/p><\/div>\n\t\t\t\t\t\t\t<\/div>\n\t\t<\/div>\n\t\t\t\t<\/div>\n\t\t\t\t<\/div>\n\t\t\t\t\t\t<\/div>\n\t\t\t\t\t<\/div>\n\t\t<\/div>\n\t\t\t\t\t\t\t\t<\/div>\n\t\t\t\t\t<\/div>\n\t\t<\/section>\n\t\t\t\t\t\t<\/div>\n\t\t\t\t\t\t<\/div>\n\t\t\t\t\t<\/div>\n\t\t","protected":false},"excerpt":{"rendered":"<p>Uvjeti kori\u0161tenja Sigurnost pla\u0107anja kreditnim karticama Uvjeti rezervacije Otkazivanje rezervacije Sigurnost pla\u0107anja&hellip;<\/p>\n","protected":false},"author":1,"featured_media":0,"parent":0,"menu_order":0,"comment_status":"closed","ping_status":"closed","template":"","meta":{"footnotes":""},"_links":{"self":[{"href":"https:\/\/aurora-experience.com\/index.php?rest_route=\/wp\/v2\/pages\/46"}],"collection":[{"href":"https:\/\/aurora-experience.com\/index.php?rest_route=\/wp\/v2\/pages"}],"about":[{"href":"https:\/\/aurora-experience.com\/index.php?rest_route=\/wp\/v2\/types\/page"}],"author":[{"embeddable":true,"href":"https:\/\/aurora-experience.com\/index.php?rest_route=\/wp\/v2\/users\/1"}],"replies":[{"embeddable":true,"href":"https:\/\/aurora-experience.com\/index.php?rest_route=%2Fwp%2Fv2%2Fcomments&post=46"}],"version-history":[{"count":118,"href":"https:\/\/aurora-experience.com\/index.php?rest_route=\/wp\/v2\/pages\/46\/revisions"}],"predecessor-version":[{"id":1950,"href":"https:\/\/aurora-experience.com\/index.php?rest_route=\/wp\/v2\/pages\/46\/revisions\/1950"}],"wp:attachment":[{"href":"https:\/\/aurora-experience.com\/index.php?rest_route=%2Fwp%2Fv2%2Fmedia&parent=46"}],"curies":[{"name":"wp","href":"https:\/\/api.w.org\/{rel}","templated":true}]}}