{"id":1102,"date":"2021-03-25T19:48:11","date_gmt":"2021-03-25T18:48:11","guid":{"rendered":"https:\/\/aurora-experience.com\/?post_type=product&#038;p=1102"},"modified":"2026-04-22T09:28:21","modified_gmt":"2026-04-22T07:28:21","slug":"individualna-voznja","status":"publish","type":"product","link":"https:\/\/aurora-experience.com\/?product=individualna-voznja","title":{"rendered":"La\u0111arski izlet"},"content":{"rendered":"","protected":false},"excerpt":{"rendered":"<p><span style=\"text-decoration: underline;\"><strong>&#8220;LA\u0110ARSKI IZLET&#8221;<\/strong><\/span><\/p>\n<p>U\u017eivajte u predivnim vizurama rijeke Kupe uz stru\u010dno vodstvo na\u0161e posade koja \u0107e Vas odvesti u vrijeme starih la\u0111ara, turskih osvajanja i Rimljana koji su plovili Kupom!<\/p>\n<p><strong>POLASCI: <\/strong><\/p>\n<p><strong>SUBOTA I NEDJELJA U 11:00 I 15:00<\/strong><\/p>\n<p><strong>Rezervirajte<\/strong> \u017eeljeni datum i vrijeme na kalendaru ni\u017ee<\/p>\n<p><strong>TRAJANJE:<\/strong> 90 min<\/p>\n<p><strong>RUTA:<\/strong> Bro\u0111ani \u2013 Kamensko \u2013 Bro\u0111ani<\/p>\n<p>Grupe svaki dan u terminu po dogovoru.<\/p>\n<div dir=\"ltr\" data-setdir=\"false\">Cijena: 20 EUR<\/div>\n<div dir=\"ltr\" data-setdir=\"false\">Djeca (4-16), studenti: 11 EUR<\/div>\n<p>Grupe umirovljenika: 11 EUR po osobi*<\/p>\n<p>Cijena uklju\u010duje: liker dobrodo\u0161lice, interpretaciju povijesne i prirodne ba\u0161tine, osiguranje putnika.<\/p>\n<p>Pla\u0107anje gotovinom. Ku\u0107ni ljubimci su dobrodo\u0161li!<\/p>\n<p>*Napomena: umirovljenici hrvatskog mirovinskog sustava.<\/p>\n<p><strong>Rezervacija za sve ture je obavezna prije dolaska. <\/strong>Predla\u017ee se dolazak u pristani\u0161te 30 minuta prije polaska.<\/p>\n<p>NAPOMENA:<\/p>\n<p class=\"p1\"><strong>Za vi\u0161e od 6 osoba, rezervirajte putem emaila ili telefona!<\/strong><\/p>\n<p class=\"p1\">Ukoliko u sustavu rezervacija nema slobodnih mjesta, kontaktirajte nas telefonski.<\/p>\n<p>La\u0111ar zadr\u017eava pravo promjene termina putovanja ukoliko je broj rezervacija manji od 10 osoba. Pojedina\u010dno \u0107e se provjeravati rezervacije sa putnicima putem maila i telefona iz obrasca za rezervacije.<\/p>\n[wpdevart_booking_calendar id=\"1\"]\n<div dir=\"ltr\" data-setdir=\"false\">\n<p><span style=\"text-decoration: underline;\"><strong>&#8220;LIVE MUSIC! SUBOTOM&#8221;<\/strong><\/span><\/p>\n<p>Nezaboravan spoj odli\u010dne glazbe, zalaska sunca, finog pi\u0107a i hrane i to sve u nezaboravnom ambijentu na la\u0111i na Kupi!<\/p>\n<p>09.05. od 17h DUO BURA, odli\u010dan spoj harmonike u rukama karlova\u010dkog profesora harmonike Tomislava Krvari\u0107a i na\u0161eg srca zabave na gitari Mladena Bubi\u0107a<\/p>\n<p>16.05. od 17h TOMICA JAMBRO\u0160I\u0106, virtoz zabave i vje\u0161tine na gitari, vi\u0161e od 30 godina u hrvatskom rocku, popu i pjesmi za svako srce<\/p>\n<p><strong>TRAJANJE:<\/strong> plovidba 2 sata, uz nastavak zabave na brodu na vezu<\/p>\n<p><strong>RUTA:<\/strong> Bro\u0111ani \u2013 Kamensko \u2013 Bro\u0111ani<\/p>\n<p><strong>Rezervirajte \u017eeljeni termin na kalendaru!<\/strong><\/p>\n<div dir=\"ltr\" data-setdir=\"false\">Cijena: 23 EUR po osobi<\/div>\n<p>Uklju\u010deno:\u00a0 2 sata plovidbe, glazba u\u017eivo na la\u0111i, degustacija doma\u0107ih suhomesnatih proizvoda i sira, <span style=\"font-family: Scada, sans-serif; font-size: 16px; font-style: normal; font-weight: 400; letter-spacing: 0.38px;\">liker dobrodo\u0161lice, <\/span><span style=\"font-size: 16px; letter-spacing: 0.38px;\">interpretacija povijesne i prirodne ba\u0161tine, osiguranje putnika.<\/span><\/p>\n<p><span style=\"text-decoration: underline;\"><strong>&#8220;WINE AND PAINT&#8221;<\/strong><\/span><\/p>\n<p>Plovi\u0161, pijucka\u0161 vino i slika\u0161! Upija\u0161 vizure Kupe, taj predivan zrak i zalazak. Sigurno \u0107ete po\u017eeljeti ostati jo\u0161 malo!<\/p>\n<p><strong>TRAJANJE:<\/strong> plovidba la\u0111om 2 sata<\/p>\n<p><strong>RUTA:<\/strong> Bro\u0111ani \u2013 Kamensko \u2013 Bro\u0111ani<\/p>\n<p><b>ZA GRUPE U TERMINU PO DOGOVORU<\/b><\/p>\n<div dir=\"ltr\" data-setdir=\"false\">Cijena: 40 EUR po osobi<\/div>\n<div dir=\"ltr\" data-setdir=\"false\">Uklju\u010deno: plovidba la\u0111om 2 sata, 2 \u010da\u0161e vina Crni Pinot ili Mu\u0161kat \u017euti Vinarije \u0160o\u0161ki\u0107, slikarski materijal te Va\u0161e djelo koje nosite ku\u0107i, stru\u010dno umjetni\u010dko vodstvo, interpretacija povijesne i kulturne ba\u0161tine uz Kupu.<\/div>\n<div dir=\"ltr\" data-setdir=\"false\"><\/div>\n<\/div>\n<div dir=\"ltr\" data-setdir=\"false\"><span style=\"text-decoration: underline;\"><strong>&#8220;\u0160KOLSKI LA\u0110ARSKI IZLET&#8221;<\/strong><\/span><\/div>\n<div dir=\"ltr\" data-setdir=\"false\"><\/div>\n<p><strong>TRAJANJE:<\/strong>\u00a0<strong>45 min<\/strong><\/p>\n<p>RUTA: Bro\u0111ani \u2013 Kobili\u0107i \u2013 Bro\u0111ani<\/p>\n<p>Redovna cijena: 9 EUR po u\u010deniku. Za manje od 20 u\u010denika: fiksno 170 EUR.<\/p>\n<div dir=\"ltr\" data-setdir=\"false\">Nastavnici, asistenti i pratnja plove bez naknade.<\/div>\n<div dir=\"ltr\" data-setdir=\"false\"><\/div>\n<div dir=\"ltr\" data-setdir=\"false\">\n<p class=\"p1\"><span style=\"font-size: 16px; letter-spacing: 0.38px;\">Cijena uklju\u010duje: animaciju djece te interpretaciju povijesne i prirodne ba\u0161tine, osiguranje putnika.<\/span><\/p>\n<\/div>\n<div>Prodaja suvenira na la\u0111i.<\/div>\n<div><\/div>\n<div><strong>POLASCI:<\/strong><\/div>\n<p>Svaki dan u terminu po dogovoru.<\/p>\n<p>Napomena: Ukoliko, nakon obilnih ki\u0161a, do\u0111e do ekstremno visokog vodostaja rijeke Kupe, brod ne\u0107e isplovljavati, ali \u0107e se na usidrenom brodu organizirati radionice za djecu uz dodatni sadr\u017eaj. Mogu\u0107nost pojave takvih prirodnih nepogoda je najvi\u0161e pet dana u godini.<\/p>\n<p><strong>Rezervirajte termin:<\/strong><\/p>\n<p><strong>e-mail:<\/strong> info@aurora-experience.com<\/p>\n<p><strong>GSM:<\/strong> +385 98 171 64 23<\/p>\n<p><img loading=\"lazy\" decoding=\"async\" class=\"alignnone wp-image-3298 size-trx_addons-thumb-avatar\" src=\"https:\/\/aurora-experience.com\/wp-content\/uploads\/2021\/03\/New-Project-370x370.png\" alt=\"\" width=\"370\" height=\"370\" srcset=\"https:\/\/aurora-experience.com\/wp-content\/uploads\/2021\/03\/New-Project-370x370.png 370w, https:\/\/aurora-experience.com\/wp-content\/uploads\/2021\/03\/New-Project-300x300.png 300w, https:\/\/aurora-experience.com\/wp-content\/uploads\/2021\/03\/New-Project-1024x1024.png 1024w, https:\/\/aurora-experience.com\/wp-content\/uploads\/2021\/03\/New-Project-150x150.png 150w, https:\/\/aurora-experience.com\/wp-content\/uploads\/2021\/03\/New-Project-768x768.png 768w, https:\/\/aurora-experience.com\/wp-content\/uploads\/2021\/03\/New-Project-1536x1536.png 1536w, https:\/\/aurora-experience.com\/wp-content\/uploads\/2021\/03\/New-Project-90x90.png 90w, https:\/\/aurora-experience.com\/wp-content\/uploads\/2021\/03\/New-Project-760x760.png 760w, https:\/\/aurora-experience.com\/wp-content\/uploads\/2021\/03\/New-Project-270x270.png 270w, https:\/\/aurora-experience.com\/wp-content\/uploads\/2021\/03\/New-Project-570x570.png 570w, https:\/\/aurora-experience.com\/wp-content\/uploads\/2021\/03\/New-Project-600x600.png 600w, https:\/\/aurora-experience.com\/wp-content\/uploads\/2021\/03\/New-Project.png 2048w\" sizes=\"(max-width: 370px) 100vw, 370px\" \/>\u00a0<img loading=\"lazy\" decoding=\"async\" class=\"alignnone wp-image-3287 size-trx_addons-thumb-avatar\" src=\"https:\/\/aurora-experience.com\/wp-content\/uploads\/2021\/03\/rucak3-370x370.jpg\" alt=\"\" width=\"370\" height=\"370\" srcset=\"https:\/\/aurora-experience.com\/wp-content\/uploads\/2021\/03\/rucak3-370x370.jpg 370w, https:\/\/aurora-experience.com\/wp-content\/uploads\/2021\/03\/rucak3-300x300.jpg 300w, https:\/\/aurora-experience.com\/wp-content\/uploads\/2021\/03\/rucak3-1024x1024.jpg 1024w, https:\/\/aurora-experience.com\/wp-content\/uploads\/2021\/03\/rucak3-150x150.jpg 150w, https:\/\/aurora-experience.com\/wp-content\/uploads\/2021\/03\/rucak3-768x768.jpg 768w, https:\/\/aurora-experience.com\/wp-content\/uploads\/2021\/03\/rucak3-1536x1536.jpg 1536w, https:\/\/aurora-experience.com\/wp-content\/uploads\/2021\/03\/rucak3-90x90.jpg 90w, https:\/\/aurora-experience.com\/wp-content\/uploads\/2021\/03\/rucak3-760x760.jpg 760w, https:\/\/aurora-experience.com\/wp-content\/uploads\/2021\/03\/rucak3-270x270.jpg 270w, https:\/\/aurora-experience.com\/wp-content\/uploads\/2021\/03\/rucak3-570x570.jpg 570w, https:\/\/aurora-experience.com\/wp-content\/uploads\/2021\/03\/rucak3-600x600.jpg 600w, https:\/\/aurora-experience.com\/wp-content\/uploads\/2021\/03\/rucak3.jpg 2048w\" sizes=\"(max-width: 370px) 100vw, 370px\" \/> <img loading=\"lazy\" decoding=\"async\" class=\"alignnone wp-image-3288 size-trx_addons-thumb-avatar\" src=\"https:\/\/aurora-experience.com\/wp-content\/uploads\/2021\/03\/rucak2-370x370.jpg\" alt=\"\" width=\"370\" height=\"370\" srcset=\"https:\/\/aurora-experience.com\/wp-content\/uploads\/2021\/03\/rucak2-370x370.jpg 370w, https:\/\/aurora-experience.com\/wp-content\/uploads\/2021\/03\/rucak2-300x300.jpg 300w, https:\/\/aurora-experience.com\/wp-content\/uploads\/2021\/03\/rucak2-1024x1024.jpg 1024w, https:\/\/aurora-experience.com\/wp-content\/uploads\/2021\/03\/rucak2-150x150.jpg 150w, https:\/\/aurora-experience.com\/wp-content\/uploads\/2021\/03\/rucak2-768x768.jpg 768w, https:\/\/aurora-experience.com\/wp-content\/uploads\/2021\/03\/rucak2-1536x1536.jpg 1536w, https:\/\/aurora-experience.com\/wp-content\/uploads\/2021\/03\/rucak2-90x90.jpg 90w, https:\/\/aurora-experience.com\/wp-content\/uploads\/2021\/03\/rucak2-760x760.jpg 760w, https:\/\/aurora-experience.com\/wp-content\/uploads\/2021\/03\/rucak2-270x270.jpg 270w, https:\/\/aurora-experience.com\/wp-content\/uploads\/2021\/03\/rucak2-570x570.jpg 570w, https:\/\/aurora-experience.com\/wp-content\/uploads\/2021\/03\/rucak2-600x600.jpg 600w, https:\/\/aurora-experience.com\/wp-content\/uploads\/2021\/03\/rucak2.jpg 2048w\" sizes=\"(max-width: 370px) 100vw, 370px\" \/><\/p>\n","protected":false},"featured_media":3745,"template":"","meta":[],"product_cat":[156],"product_tag":[],"_links":{"self":[{"href":"https:\/\/aurora-experience.com\/index.php?rest_route=\/wp\/v2\/product\/1102"}],"collection":[{"href":"https:\/\/aurora-experience.com\/index.php?rest_route=\/wp\/v2\/product"}],"about":[{"href":"https:\/\/aurora-experience.com\/index.php?rest_route=\/wp\/v2\/types\/product"}],"wp:featuredmedia":[{"embeddable":true,"href":"https:\/\/aurora-experience.com\/index.php?rest_route=\/wp\/v2\/media\/3745"}],"wp:attachment":[{"href":"https:\/\/aurora-experience.com\/index.php?rest_route=%2Fwp%2Fv2%2Fmedia&parent=1102"}],"wp:term":[{"taxonomy":"product_cat","embeddable":true,"href":"https:\/\/aurora-experience.com\/index.php?rest_route=%2Fwp%2Fv2%2Fproduct_cat&post=1102"},{"taxonomy":"product_tag","embeddable":true,"href":"https:\/\/aurora-experience.com\/index.php?rest_route=%2Fwp%2Fv2%2Fproduct_tag&post=1102"}],"curies":[{"name":"wp","href":"https:\/\/api.w.org\/{rel}","templated":true}]}}