{"id":3840,"date":"2025-07-14T13:13:43","date_gmt":"2025-07-14T11:13:43","guid":{"rendered":"https:\/\/aurora-experience.com\/?post_type=product&#038;p=3840"},"modified":"2025-07-15T07:16:20","modified_gmt":"2025-07-15T05:16:20","slug":"boatparty","status":"publish","type":"product","link":"https:\/\/aurora-experience.com\/?product=boatparty","title":{"rendered":"Boat Party"},"content":{"rendered":"","protected":false},"excerpt":{"rendered":"<div dir=\"ltr\" data-setdir=\"false\">\n<p><span style=\"text-decoration: underline;\"><strong>&#8220;BOATPARTY KARLOVAC RIVERHOUSE live DJ&#8221;<\/strong><\/span><\/p>\n<p>Jedinstveni u Hrvatskoj, nezaboravni do\u017eivljaj gdje, uz top house beatove, mo\u017eete u\u017eivati na brodu u Karlovcu! ALL INCLUSIVE &#8211;\u00a0 cuga, zakuska i zalazak sunca na Kupi, vrsni DJ line up i brod. Jel mo\u017ee bolje! Svakako ponesi kupa\u0107i i ru\u010dnik jer imamo i swimm stop!<\/p>\n<p><strong>POLASCI:\u00a0<\/strong><\/p>\n<p>19.07. od 16:00 DJ Alenkovich i Bassmnt Crew Sparky i Makivakinaki<\/p>\n<p>26.07. od 16:00 DJ Kylianno i Bassmnt Crew Sparky i Makivakinaki<\/p>\n<p>Boarding od 16:00, isplovljavanje u 17:00.<\/p>\n<p><strong>TRAJANJE:<\/strong> od 17:00 do 22:00 (plovidba od 17 do 20, dalje party na vezu)<\/p>\n<p><strong>RUTA:<\/strong> Bro\u0111ani \u2013 Kamensko \u2013 Bro\u0111ani<\/p>\n<p><b>REZERVIRAJ U KALENDARU ISPOD!<\/b><\/p>\n<div dir=\"ltr\" data-setdir=\"false\">Cijena: 45 EUR &#8211; ALL INCLUSIVE (open bar, live DJ, swimm stop, zakuska, ploviba brodom)<\/div>\n<p>&nbsp;<\/p>\n<p><strong style=\"font-size: 16px; letter-spacing: 0.38px;\">e-mail:<\/strong><span style=\"font-size: 16px; letter-spacing: 0.38px;\"> info@aurora-experience.com<\/span><\/p>\n<\/div>\n<p><strong>GSM:<\/strong> +385 98 171 64 23<\/p>\n<p><img loading=\"lazy\" decoding=\"async\" class=\"alignnone size-medium wp-image-3852\" src=\"https:\/\/aurora-experience.com\/wp-content\/uploads\/2025\/07\/516653094_17864323209423423_6559215233240532506_n-300x205.jpg\" alt=\"\" width=\"300\" height=\"205\" srcset=\"https:\/\/aurora-experience.com\/wp-content\/uploads\/2025\/07\/516653094_17864323209423423_6559215233240532506_n-300x205.jpg 300w, https:\/\/aurora-experience.com\/wp-content\/uploads\/2025\/07\/516653094_17864323209423423_6559215233240532506_n-1024x699.jpg 1024w, https:\/\/aurora-experience.com\/wp-content\/uploads\/2025\/07\/516653094_17864323209423423_6559215233240532506_n-768x524.jpg 768w, https:\/\/aurora-experience.com\/wp-content\/uploads\/2025\/07\/516653094_17864323209423423_6559215233240532506_n-370x253.jpg 370w, https:\/\/aurora-experience.com\/wp-content\/uploads\/2025\/07\/516653094_17864323209423423_6559215233240532506_n-760x519.jpg 760w, https:\/\/aurora-experience.com\/wp-content\/uploads\/2025\/07\/516653094_17864323209423423_6559215233240532506_n-600x410.jpg 600w, https:\/\/aurora-experience.com\/wp-content\/uploads\/2025\/07\/516653094_17864323209423423_6559215233240532506_n.jpg 1440w\" sizes=\"(max-width: 300px) 100vw, 300px\" \/><img loading=\"lazy\" decoding=\"async\" class=\"alignnone size-medium wp-image-3851\" src=\"https:\/\/aurora-experience.com\/wp-content\/uploads\/2025\/07\/516504016_17864323200423423_4890585768213819628_n-300x201.jpg\" alt=\"\" width=\"300\" height=\"201\" srcset=\"https:\/\/aurora-experience.com\/wp-content\/uploads\/2025\/07\/516504016_17864323200423423_4890585768213819628_n-300x201.jpg 300w, https:\/\/aurora-experience.com\/wp-content\/uploads\/2025\/07\/516504016_17864323200423423_4890585768213819628_n-1024x688.jpg 1024w, https:\/\/aurora-experience.com\/wp-content\/uploads\/2025\/07\/516504016_17864323200423423_4890585768213819628_n-768x516.jpg 768w, https:\/\/aurora-experience.com\/wp-content\/uploads\/2025\/07\/516504016_17864323200423423_4890585768213819628_n-370x248.jpg 370w, https:\/\/aurora-experience.com\/wp-content\/uploads\/2025\/07\/516504016_17864323200423423_4890585768213819628_n-760x510.jpg 760w, https:\/\/aurora-experience.com\/wp-content\/uploads\/2025\/07\/516504016_17864323200423423_4890585768213819628_n-640x430.jpg 640w, https:\/\/aurora-experience.com\/wp-content\/uploads\/2025\/07\/516504016_17864323200423423_4890585768213819628_n-600x403.jpg 600w, https:\/\/aurora-experience.com\/wp-content\/uploads\/2025\/07\/516504016_17864323200423423_4890585768213819628_n.jpg 1440w\" sizes=\"(max-width: 300px) 100vw, 300px\" \/><img loading=\"lazy\" decoding=\"async\" class=\"alignnone size-medium wp-image-3849\" src=\"https:\/\/aurora-experience.com\/wp-content\/uploads\/2025\/07\/516148681_17864323269423423_2875634893231843545_n-300x200.jpg\" alt=\"\" width=\"300\" height=\"200\" srcset=\"https:\/\/aurora-experience.com\/wp-content\/uploads\/2025\/07\/516148681_17864323269423423_2875634893231843545_n-300x200.jpg 300w, https:\/\/aurora-experience.com\/wp-content\/uploads\/2025\/07\/516148681_17864323269423423_2875634893231843545_n-1024x683.jpg 1024w, https:\/\/aurora-experience.com\/wp-content\/uploads\/2025\/07\/516148681_17864323269423423_2875634893231843545_n-768x512.jpg 768w, https:\/\/aurora-experience.com\/wp-content\/uploads\/2025\/07\/516148681_17864323269423423_2875634893231843545_n-370x247.jpg 370w, https:\/\/aurora-experience.com\/wp-content\/uploads\/2025\/07\/516148681_17864323269423423_2875634893231843545_n-760x507.jpg 760w, https:\/\/aurora-experience.com\/wp-content\/uploads\/2025\/07\/516148681_17864323269423423_2875634893231843545_n-600x400.jpg 600w, https:\/\/aurora-experience.com\/wp-content\/uploads\/2025\/07\/516148681_17864323269423423_2875634893231843545_n.jpg 1440w\" sizes=\"(max-width: 300px) 100vw, 300px\" \/><img loading=\"lazy\" decoding=\"async\" class=\"alignnone size-medium wp-image-3848\" src=\"https:\/\/aurora-experience.com\/wp-content\/uploads\/2025\/07\/516120881_17864323260423423_6440967134970736171_n-300x200.jpg\" alt=\"\" width=\"300\" height=\"200\" srcset=\"https:\/\/aurora-experience.com\/wp-content\/uploads\/2025\/07\/516120881_17864323260423423_6440967134970736171_n-300x200.jpg 300w, https:\/\/aurora-experience.com\/wp-content\/uploads\/2025\/07\/516120881_17864323260423423_6440967134970736171_n-1024x683.jpg 1024w, https:\/\/aurora-experience.com\/wp-content\/uploads\/2025\/07\/516120881_17864323260423423_6440967134970736171_n-768x512.jpg 768w, https:\/\/aurora-experience.com\/wp-content\/uploads\/2025\/07\/516120881_17864323260423423_6440967134970736171_n-370x247.jpg 370w, https:\/\/aurora-experience.com\/wp-content\/uploads\/2025\/07\/516120881_17864323260423423_6440967134970736171_n-760x507.jpg 760w, https:\/\/aurora-experience.com\/wp-content\/uploads\/2025\/07\/516120881_17864323260423423_6440967134970736171_n-600x400.jpg 600w, https:\/\/aurora-experience.com\/wp-content\/uploads\/2025\/07\/516120881_17864323260423423_6440967134970736171_n.jpg 1440w\" sizes=\"(max-width: 300px) 100vw, 300px\" \/><img loading=\"lazy\" decoding=\"async\" class=\"alignnone size-medium wp-image-3847\" src=\"https:\/\/aurora-experience.com\/wp-content\/uploads\/2025\/07\/516100572_17864323230423423_628849402938195268_n-300x200.jpg\" alt=\"\" width=\"300\" height=\"200\" srcset=\"https:\/\/aurora-experience.com\/wp-content\/uploads\/2025\/07\/516100572_17864323230423423_628849402938195268_n-300x200.jpg 300w, https:\/\/aurora-experience.com\/wp-content\/uploads\/2025\/07\/516100572_17864323230423423_628849402938195268_n-1024x683.jpg 1024w, https:\/\/aurora-experience.com\/wp-content\/uploads\/2025\/07\/516100572_17864323230423423_628849402938195268_n-768x512.jpg 768w, https:\/\/aurora-experience.com\/wp-content\/uploads\/2025\/07\/516100572_17864323230423423_628849402938195268_n-370x247.jpg 370w, https:\/\/aurora-experience.com\/wp-content\/uploads\/2025\/07\/516100572_17864323230423423_628849402938195268_n-760x507.jpg 760w, https:\/\/aurora-experience.com\/wp-content\/uploads\/2025\/07\/516100572_17864323230423423_628849402938195268_n-600x400.jpg 600w, https:\/\/aurora-experience.com\/wp-content\/uploads\/2025\/07\/516100572_17864323230423423_628849402938195268_n.jpg 1440w\" sizes=\"(max-width: 300px) 100vw, 300px\" \/><img loading=\"lazy\" decoding=\"async\" class=\"alignnone size-medium wp-image-3846\" src=\"https:\/\/aurora-experience.com\/wp-content\/uploads\/2025\/07\/515933496_17864323218423423_3501680644313289129_n-300x200.jpg\" alt=\"\" width=\"300\" height=\"200\" srcset=\"https:\/\/aurora-experience.com\/wp-content\/uploads\/2025\/07\/515933496_17864323218423423_3501680644313289129_n-300x200.jpg 300w, https:\/\/aurora-experience.com\/wp-content\/uploads\/2025\/07\/515933496_17864323218423423_3501680644313289129_n-1024x683.jpg 1024w, https:\/\/aurora-experience.com\/wp-content\/uploads\/2025\/07\/515933496_17864323218423423_3501680644313289129_n-768x512.jpg 768w, https:\/\/aurora-experience.com\/wp-content\/uploads\/2025\/07\/515933496_17864323218423423_3501680644313289129_n-370x247.jpg 370w, https:\/\/aurora-experience.com\/wp-content\/uploads\/2025\/07\/515933496_17864323218423423_3501680644313289129_n-760x507.jpg 760w, https:\/\/aurora-experience.com\/wp-content\/uploads\/2025\/07\/515933496_17864323218423423_3501680644313289129_n-600x400.jpg 600w, https:\/\/aurora-experience.com\/wp-content\/uploads\/2025\/07\/515933496_17864323218423423_3501680644313289129_n.jpg 1440w\" sizes=\"(max-width: 300px) 100vw, 300px\" \/><img loading=\"lazy\" decoding=\"async\" class=\"alignnone size-medium wp-image-3844\" src=\"https:\/\/aurora-experience.com\/wp-content\/uploads\/2025\/07\/504372829_17864323251423423_8519293991152344386_n-300x200.jpg\" alt=\"\" width=\"300\" height=\"200\" srcset=\"https:\/\/aurora-experience.com\/wp-content\/uploads\/2025\/07\/504372829_17864323251423423_8519293991152344386_n-300x200.jpg 300w, https:\/\/aurora-experience.com\/wp-content\/uploads\/2025\/07\/504372829_17864323251423423_8519293991152344386_n-1024x683.jpg 1024w, https:\/\/aurora-experience.com\/wp-content\/uploads\/2025\/07\/504372829_17864323251423423_8519293991152344386_n-768x512.jpg 768w, https:\/\/aurora-experience.com\/wp-content\/uploads\/2025\/07\/504372829_17864323251423423_8519293991152344386_n-370x247.jpg 370w, https:\/\/aurora-experience.com\/wp-content\/uploads\/2025\/07\/504372829_17864323251423423_8519293991152344386_n-760x507.jpg 760w, https:\/\/aurora-experience.com\/wp-content\/uploads\/2025\/07\/504372829_17864323251423423_8519293991152344386_n-600x400.jpg 600w, https:\/\/aurora-experience.com\/wp-content\/uploads\/2025\/07\/504372829_17864323251423423_8519293991152344386_n.jpg 1440w\" sizes=\"(max-width: 300px) 100vw, 300px\" \/><\/p>\n[wpdevart_booking_calendar id=\"1\"]\n","protected":false},"featured_media":3745,"template":"","meta":[],"product_cat":[156],"product_tag":[],"_links":{"self":[{"href":"https:\/\/aurora-experience.com\/index.php?rest_route=\/wp\/v2\/product\/3840"}],"collection":[{"href":"https:\/\/aurora-experience.com\/index.php?rest_route=\/wp\/v2\/product"}],"about":[{"href":"https:\/\/aurora-experience.com\/index.php?rest_route=\/wp\/v2\/types\/product"}],"wp:featuredmedia":[{"embeddable":true,"href":"https:\/\/aurora-experience.com\/index.php?rest_route=\/wp\/v2\/media\/3745"}],"wp:attachment":[{"href":"https:\/\/aurora-experience.com\/index.php?rest_route=%2Fwp%2Fv2%2Fmedia&parent=3840"}],"wp:term":[{"taxonomy":"product_cat","embeddable":true,"href":"https:\/\/aurora-experience.com\/index.php?rest_route=%2Fwp%2Fv2%2Fproduct_cat&post=3840"},{"taxonomy":"product_tag","embeddable":true,"href":"https:\/\/aurora-experience.com\/index.php?rest_route=%2Fwp%2Fv2%2Fproduct_tag&post=3840"}],"curies":[{"name":"wp","href":"https:\/\/api.w.org\/{rel}","templated":true}]}}